{"id":23887,"date":"2023-02-14T11:23:48","date_gmt":"2023-02-14T10:23:48","guid":{"rendered":"https:\/\/huisartsjavea.com\/laboratorium-onderzoek\/"},"modified":"2023-03-22T16:31:09","modified_gmt":"2023-03-22T15:31:09","slug":"pruebas-de-laboratorio-javea","status":"publish","type":"page","link":"https:\/\/huisartsjavea.com\/es\/servicios\/pruebas-de-laboratorio-javea\/","title":{"rendered":"Pruebas de Laboratorio"},"content":{"rendered":"\t\t<div data-elementor-type=\"wp-page\" data-elementor-id=\"23887\" class=\"elementor elementor-23887 elementor-21667\">\n\t\t\t\t\t\t\t\t\t<section class=\"elementor-section elementor-top-section elementor-element elementor-element-7ab243d8 elementor-section-stretched elementor-section-full_width qodef-elementor-content-grid elementor-section-height-default elementor-section-height-default\" data-id=\"7ab243d8\" data-element_type=\"section\" data-settings=\"{&quot;stretch_section&quot;:&quot;section-stretched&quot;}\">\n\t\t\t\t\t\t<div class=\"elementor-container elementor-column-gap-default\">\n\t\t\t\t\t<div class=\"elementor-column elementor-col-100 elementor-top-column elementor-element elementor-element-51cb2ebd\" data-id=\"51cb2ebd\" data-element_type=\"column\">\n\t\t\t<div class=\"elementor-widget-wrap elementor-element-populated\">\n\t\t\t\t\t\t\t\t<div class=\"elementor-element elementor-element-19040852 elementor-widget elementor-widget-hibiscus_core_section_title\" data-id=\"19040852\" data-element_type=\"widget\" data-widget_type=\"hibiscus_core_section_title.default\">\n\t\t\t\t<div class=\"elementor-widget-container\">\n\t\t\t<div class=\"qodef-shortcode qodef-m  qodef-section-title qodef-alignment--left   qodef--has-appear\">\n\t<div class=\"qodef-e-sunrays\" >\n\t\t<svg class=\"qodef-svg--sunrays\" xmlns=\"http:\/\/www.w3.org\/2000\/svg\" width=\"55\" height=\"30\" viewBox=\"0 0 55 30\"><g transform=\"translate(-1432 -588)\"><line x1=\"18\" transform=\"translate(1432 617.5)\" fill=\"none\" stroke=\"currentColor\" stroke-miterlimit=\"10\" stroke-width=\"1\"\/><line x1=\"16.628\" y1=\"6.889\" transform=\"translate(1433.458 607.414)\" fill=\"none\" stroke=\"currentColor\" stroke-miterlimit=\"10\" stroke-width=\"1\"\/><line x1=\"12.727\" y1=\"12.728\" transform=\"translate(1439.408 598.494)\" fill=\"none\" stroke=\"currentColor\" stroke-miterlimit=\"10\" stroke-width=\"1\"\/><line x1=\"6.888\" y1=\"16.629\" transform=\"translate(1448.056 591.685)\" fill=\"none\" stroke=\"currentColor\" stroke-miterlimit=\"10\" stroke-width=\"1\"\/><line y1=\"19\" transform=\"translate(1459.5 588)\" fill=\"none\" stroke=\"currentColor\" stroke-miterlimit=\"10\" stroke-width=\"1\"\/><line y1=\"16.631\" x2=\"6.888\" transform=\"translate(1464.056 591.685)\" fill=\"none\" stroke=\"currentColor\" stroke-miterlimit=\"10\" stroke-width=\"1\"\/><line x2=\"12.729\" y1=\"12.729\" y2=\"0\" transform=\"translate(1466.57 598.493)\" fill=\"none\" stroke=\"currentColor\" stroke-miterlimit=\"10\" stroke-width=\"1\"\/><line x2=\"16.631\" y1=\"6.889\" y2=\"0\" transform=\"translate(1468.619 607.414)\" fill=\"none\" stroke=\"currentColor\" stroke-miterlimit=\"10\" stroke-width=\"1\"\/><line x2=\"18\" transform=\"translate(1469 617.5)\" fill=\"none\" stroke=\"currentColor\" stroke-miterlimit=\"10\" stroke-width=\"1\"\/><\/g><\/svg>\t<\/div>\n\t\t<h2 class=\"qodef-m-title\" >\n\t\t\t\t\tPruebas de Laboratorio\t\t\t<\/h2>\n\t    <h6 class=\"qodef-m-subtitle\" >\r\n    En Cl\u00ednica la Lluca se hacen an\u00e1lisis de sangre y se pueden entregar muestras a analizar. Trabajamos con el laboratorio de la zona de J\u00e1vea. Tambi\u00e9n se hacen pruebas de orina y de heces.     <\/h6>\r\n\t<\/div>\n\t\t<\/div>\n\t\t\t\t<\/div>\n\t\t\t\t<div class=\"elementor-element elementor-element-33bc49d3 elementor-widget elementor-widget-text-editor\" data-id=\"33bc49d3\" data-element_type=\"widget\" data-widget_type=\"text-editor.default\">\n\t\t\t\t<div class=\"elementor-widget-container\">\n\t\t\t<style>\/*! elementor - v3.11.2 - 22-02-2023 *\/\n.elementor-widget-text-editor.elementor-drop-cap-view-stacked .elementor-drop-cap{background-color:#818a91;color:#fff}.elementor-widget-text-editor.elementor-drop-cap-view-framed .elementor-drop-cap{color:#818a91;border:3px solid;background-color:transparent}.elementor-widget-text-editor:not(.elementor-drop-cap-view-default) .elementor-drop-cap{margin-top:8px}.elementor-widget-text-editor:not(.elementor-drop-cap-view-default) .elementor-drop-cap-letter{width:1em;height:1em}.elementor-widget-text-editor .elementor-drop-cap{float:left;text-align:center;line-height:1;font-size:50px}.elementor-widget-text-editor .elementor-drop-cap-letter{display:inline-block}<\/style>\t\t\t\t<p>El m\u00e9dico comentar\u00e1 con usted qu\u00e9 pruebas ve necesario realizar y cu\u00e1ndo se las tiene que hacer, a veces es posible hacerlas el mismo d\u00eda. No es necesario coger cita para la entrega de orina o de heces. El horario de entrega es de 9:30 a 11:30 los d\u00edas lunes, mi\u00e9rcoles y viernes. No aceptamos muestras fuera del horario porque el mensajero del laboratorio ya habr\u00e1 pasado a hacer la recogida de las mismas.<\/p><p>En la recepci\u00f3n tenemos botes de orina est\u00e9riles para la recogida de orina o de heces. Le agradecer\u00edamos que nos entregue el bote de forma higi\u00e9nica.<\/p>\t\t\t\t\t\t<\/div>\n\t\t\t\t<\/div>\n\t\t\t\t<div class=\"elementor-element elementor-element-00f1d85 elementor-widget elementor-widget-text-editor\" data-id=\"00f1d85\" data-element_type=\"widget\" data-widget_type=\"text-editor.default\">\n\t\t\t\t<div class=\"elementor-widget-container\">\n\t\t\t\t\t\t\t<p>Para algunas anal\u00edticas debe venir en ayunas, esto requiere un ayuno de 8 horas donde no podr\u00e1 comer ni beber. Podr\u00e1 tomar su medicaci\u00f3n con un poco de agua, a no ser que el m\u00e9dico le diga lo contrario.<\/p>\t\t\t\t\t\t<\/div>\n\t\t\t\t<\/div>\n\t\t\t\t<div class=\"elementor-element elementor-element-389e97d elementor-widget elementor-widget-text-editor\" data-id=\"389e97d\" data-element_type=\"widget\" data-widget_type=\"text-editor.default\">\n\t\t\t\t<div class=\"elementor-widget-container\">\n\t\t\t\t\t\t\t<p>La mayor\u00eda de las pruebas se realizan el mismo d\u00eda y el resultado llegar\u00e1 2 d\u00edas m\u00e1s tarde. En otros tipos de pruebas, como la microbiolog\u00eda de las heces o las enfermedades de transmisi\u00f3n sexual el resultado puede tardar m\u00e1s. Se lo comentar\u00e1 su m\u00e9dico.<\/p>\t\t\t\t\t\t<\/div>\n\t\t\t\t<\/div>\n\t\t\t\t<div class=\"elementor-element elementor-element-0b0d20d elementor-widget elementor-widget-text-editor\" data-id=\"0b0d20d\" data-element_type=\"widget\" data-widget_type=\"text-editor.default\">\n\t\t\t\t<div class=\"elementor-widget-container\">\n\t\t\t\t\t\t\t<p>En cuanto est\u00e9 el resultado nuestra preferencia es que se pase por la consulta para que el m\u00e9dico pueda comentar el resultado con usted, pero si se trata de pruebas ordinarias le podr\u00e1 dar el resultado por tel\u00e9fono. Su m\u00e9dico de cabecera se toma el tiempo para hacerlo y le cobrar\u00e1 por la consulta telef\u00f3nica.<\/p>\t\t\t\t\t\t<\/div>\n\t\t\t\t<\/div>\n\t\t\t\t\t<\/div>\n\t\t<\/div>\n\t\t\t\t\t\t\t<\/div>\n\t\t<\/section>\n\t\t\t\t<section class=\"elementor-section elementor-top-section elementor-element elementor-element-2e8dc319 elementor-section-height-min-height elementor-section-full_width qodef-elementor-content-grid elementor-section-height-default elementor-section-items-middle\" data-id=\"2e8dc319\" data-element_type=\"section\" data-settings=\"{&quot;background_background&quot;:&quot;classic&quot;}\">\n\t\t\t\t\t\t\t<div class=\"elementor-background-overlay\"><\/div>\n\t\t\t\t\t\t\t<div class=\"elementor-container elementor-column-gap-default\">\n\t\t\t\t\t<div class=\"elementor-column elementor-col-100 elementor-top-column elementor-element elementor-element-17fcad5\" data-id=\"17fcad5\" data-element_type=\"column\">\n\t\t\t<div class=\"elementor-widget-wrap elementor-element-populated\">\n\t\t\t\t\t\t\t\t<div class=\"elementor-element elementor-element-49555f29 elementor-widget elementor-widget-hibiscus_core_call_to_action\" data-id=\"49555f29\" data-element_type=\"widget\" data-widget_type=\"hibiscus_core_call_to_action.default\">\n\t\t\t\t<div class=\"elementor-widget-container\">\n\t\t\t<div class=\"qodef-shortcode qodef-m  qodef-call-to-action qodef-layout--standard qodef-style--centered qodef-responsive-center--under-680\">\n\t<div class=\"qodef-m-inner\">\n\t\t\t<div class=\"qodef-m-content\"><h4>Solicitar cita previa<\/h4>\nPida cita a trav\u00e9s de nuestra web o por tel\u00e9fono. Nuestro horario de atenci\u00f3n telef\u00f3nica es de 9.00 a 14.00 en d\u00edas laborables. Por las tardes hacemos visitas a domicilio.<\/div>\n\t\t\t<div class=\"qodef-m-button\">\n\t\t<a class=\"qodef-shortcode qodef-m  qodef-button qodef-layout--outlined  qodef-html--link\" href=\"https:\/\/huisartsjavea.com\/es\/online-cita-previa\" target=\"_self\" data-hover-background-color=\"#B77255\" data-hover-border-color=\"#B77255\" >\t<span class=\"qodef-m-text\">Pedir cita<\/span><\/a>\t<\/div>\n\t<\/div>\n<\/div>\n\t\t<\/div>\n\t\t\t\t<\/div>\n\t\t\t\t\t<\/div>\n\t\t<\/div>\n\t\t\t\t\t\t\t<\/div>\n\t\t<\/section>\n\t\t\t\t<section class=\"elementor-section elementor-top-section elementor-element elementor-element-d3e7b55 elementor-section-full_width elementor-section-height-default elementor-section-height-default qodef-elementor-content-no\" data-id=\"d3e7b55\" data-element_type=\"section\">\n\t\t\t\t\t\t<div class=\"elementor-container elementor-column-gap-default\">\n\t\t\t\t\t<div class=\"elementor-column elementor-col-100 elementor-top-column elementor-element elementor-element-f4ddc90\" data-id=\"f4ddc90\" data-element_type=\"column\">\n\t\t\t<div class=\"elementor-widget-wrap elementor-element-populated\">\n\t\t\t\t\t\t\t\t<div class=\"elementor-element elementor-element-9ee63d7 elementor-widget elementor-widget-hibiscus_core_section_title\" data-id=\"9ee63d7\" data-element_type=\"widget\" data-widget_type=\"hibiscus_core_section_title.default\">\n\t\t\t\t<div class=\"elementor-widget-container\">\n\t\t\t<div class=\"qodef-shortcode qodef-m  qodef-section-title qodef-alignment--center   qodef--has-appear\">\n\t<div class=\"qodef-e-sunrays\" >\n\t\t<svg class=\"qodef-svg--sunrays\" xmlns=\"http:\/\/www.w3.org\/2000\/svg\" width=\"55\" height=\"30\" viewBox=\"0 0 55 30\"><g transform=\"translate(-1432 -588)\"><line x1=\"18\" transform=\"translate(1432 617.5)\" fill=\"none\" stroke=\"currentColor\" stroke-miterlimit=\"10\" stroke-width=\"1\"\/><line x1=\"16.628\" y1=\"6.889\" transform=\"translate(1433.458 607.414)\" fill=\"none\" stroke=\"currentColor\" stroke-miterlimit=\"10\" stroke-width=\"1\"\/><line x1=\"12.727\" y1=\"12.728\" transform=\"translate(1439.408 598.494)\" fill=\"none\" stroke=\"currentColor\" stroke-miterlimit=\"10\" stroke-width=\"1\"\/><line x1=\"6.888\" y1=\"16.629\" transform=\"translate(1448.056 591.685)\" fill=\"none\" stroke=\"currentColor\" stroke-miterlimit=\"10\" stroke-width=\"1\"\/><line y1=\"19\" transform=\"translate(1459.5 588)\" fill=\"none\" stroke=\"currentColor\" stroke-miterlimit=\"10\" stroke-width=\"1\"\/><line y1=\"16.631\" x2=\"6.888\" transform=\"translate(1464.056 591.685)\" fill=\"none\" stroke=\"currentColor\" stroke-miterlimit=\"10\" stroke-width=\"1\"\/><line x2=\"12.729\" y1=\"12.729\" y2=\"0\" transform=\"translate(1466.57 598.493)\" fill=\"none\" stroke=\"currentColor\" stroke-miterlimit=\"10\" stroke-width=\"1\"\/><line x2=\"16.631\" y1=\"6.889\" y2=\"0\" transform=\"translate(1468.619 607.414)\" fill=\"none\" stroke=\"currentColor\" stroke-miterlimit=\"10\" stroke-width=\"1\"\/><line x2=\"18\" transform=\"translate(1469 617.5)\" fill=\"none\" stroke=\"currentColor\" stroke-miterlimit=\"10\" stroke-width=\"1\"\/><\/g><\/svg>\t<\/div>\n\t\t<h2 class=\"qodef-m-title\" >\n\t\t\t\t\tServicios\t\t\t<\/h2>\n\t\t<\/div>\n\t\t<\/div>\n\t\t\t\t<\/div>\n\t\t\t\t<section class=\"elementor-section elementor-inner-section elementor-element elementor-element-c3d3b75 elementor-section-boxed elementor-section-height-default elementor-section-height-default qodef-elementor-content-no\" data-id=\"c3d3b75\" data-element_type=\"section\">\n\t\t\t\t\t\t<div class=\"elementor-container elementor-column-gap-default\">\n\t\t\t\t\t<div class=\"elementor-column elementor-col-100 elementor-inner-column elementor-element elementor-element-6a27946\" data-id=\"6a27946\" data-element_type=\"column\">\n\t\t\t<div class=\"elementor-widget-wrap\">\n\t\t\t\t\t\t\t\t\t<\/div>\n\t\t<\/div>\n\t\t\t\t\t\t\t<\/div>\n\t\t<\/section>\n\t\t\t\t<div class=\"elementor-element elementor-element-d506b4f elementor-widget elementor-widget-hibiscus_core_interactive_image_gallery\" data-id=\"d506b4f\" data-element_type=\"widget\" data-widget_type=\"hibiscus_core_interactive_image_gallery.default\">\n\t\t\t\t<div class=\"elementor-widget-container\">\n\t\t\t<div class=\"qodef-shortcode qodef-m  qodef-interactive-image-gallery  qodef-grid qodef-layout--columns  qodef-gutter--tiny qodef-col-num--5    qodef-responsive--custom qodef-col-num--1440--5 qodef-col-num--1366--5 qodef-col-num--1024--3 qodef-col-num--768--2 qodef-col-num--680--1 qodef-col-num--480--1\">\n\t<div class=\"qodef-grid-inner clear\">\n\t\t<div class=\"qodef-e qodef-image-wrapper qodef-grid-item \">\n\t<div class=\"qodef-e-holder\">\n\t\t\n\t\t            <a itemprop=\"url\" href=\"https:\/\/huisartsjavea.com\/es\/servicios\/consultas\/\" target=\"_self\">\n        \t\t\t<img loading=\"lazy\" decoding=\"async\" width=\"558\" height=\"450\" src=\"https:\/\/huisartsjavea.com\/wp-content\/uploads\/2023\/02\/Consultatie-Huisarts-Javea.jpg\" class=\"attachment-full size-full\" alt=\"\" srcset=\"https:\/\/huisartsjavea.com\/wp-content\/uploads\/2023\/02\/Consultatie-Huisarts-Javea.jpg 558w, https:\/\/huisartsjavea.com\/wp-content\/uploads\/2023\/02\/Consultatie-Huisarts-Javea-300x242.jpg 300w\" sizes=\"auto, (max-width: 558px) 100vw, 558px\" \/>\t\t\t\t\t<\/a>\n\t\t\n\t\t<div class=\"qodef-e-content\">\r\n\t<h6 class=\"qodef-e-title\">Consultas<\/h6>\r\n\t<p class=\"qodef-e-subtitle\"><\/p>\r\n<\/div>\t<\/div>\n<\/div>\n<div class=\"qodef-e qodef-image-wrapper qodef-grid-item \">\n\t<div class=\"qodef-e-holder\">\n\t\t\n\t\t            <a itemprop=\"url\" href=\"https:\/\/huisartsjavea.com\/es\/servicios\/visitas-a-domicilio\/\" target=\"_self\">\n        \t\t\t<img loading=\"lazy\" decoding=\"async\" width=\"557\" height=\"449\" src=\"https:\/\/huisartsjavea.com\/wp-content\/uploads\/2023\/02\/Huisbezoeken-Huisarts-Javea.jpg\" class=\"attachment-full size-full\" alt=\"\" srcset=\"https:\/\/huisartsjavea.com\/wp-content\/uploads\/2023\/02\/Huisbezoeken-Huisarts-Javea.jpg 557w, https:\/\/huisartsjavea.com\/wp-content\/uploads\/2023\/02\/Huisbezoeken-Huisarts-Javea-300x242.jpg 300w\" sizes=\"auto, (max-width: 557px) 100vw, 557px\" \/>\t\t\t\t\t<\/a>\n\t\t\n\t\t<div class=\"qodef-e-content\">\r\n\t<h6 class=\"qodef-e-title\">Visitas a domicilio<\/h6>\r\n\t<p class=\"qodef-e-subtitle\"><\/p>\r\n<\/div>\t<\/div>\n<\/div>\n<div class=\"qodef-e qodef-image-wrapper qodef-grid-item \">\n\t<div class=\"qodef-e-holder\">\n\t\t\n\t\t            <a itemprop=\"url\" href=\"https:\/\/huisartsjavea.com\/es\/servicios\/recetas\" target=\"_self\">\n        \t\t\t<img loading=\"lazy\" decoding=\"async\" width=\"557\" height=\"449\" src=\"https:\/\/huisartsjavea.com\/wp-content\/uploads\/2023\/02\/Recepten-medicijnen-Huisarts-Javea.jpg\" class=\"attachment-full size-full\" alt=\"\" srcset=\"https:\/\/huisartsjavea.com\/wp-content\/uploads\/2023\/02\/Recepten-medicijnen-Huisarts-Javea.jpg 557w, https:\/\/huisartsjavea.com\/wp-content\/uploads\/2023\/02\/Recepten-medicijnen-Huisarts-Javea-300x242.jpg 300w\" sizes=\"auto, (max-width: 557px) 100vw, 557px\" \/>\t\t\t\t\t<\/a>\n\t\t\n\t\t<div class=\"qodef-e-content\">\r\n\t<h6 class=\"qodef-e-title\">Recetas<\/h6>\r\n\t<p class=\"qodef-e-subtitle\"><\/p>\r\n<\/div>\t<\/div>\n<\/div>\n<div class=\"qodef-e qodef-image-wrapper qodef-grid-item \">\n\t<div class=\"qodef-e-holder\">\n\t\t\n\t\t            <a itemprop=\"url\" href=\"https:\/\/huisartsjavea.com\/es\/servicios\/intervenciones-quirurgicas\" target=\"_self\">\n        \t\t\t<img loading=\"lazy\" decoding=\"async\" width=\"558\" height=\"450\" src=\"https:\/\/huisartsjavea.com\/wp-content\/uploads\/2023\/02\/Chirurgische-ingrepen-Huisarts-Javea.jpg\" class=\"attachment-full size-full\" alt=\"\" srcset=\"https:\/\/huisartsjavea.com\/wp-content\/uploads\/2023\/02\/Chirurgische-ingrepen-Huisarts-Javea.jpg 558w, https:\/\/huisartsjavea.com\/wp-content\/uploads\/2023\/02\/Chirurgische-ingrepen-Huisarts-Javea-300x242.jpg 300w\" sizes=\"auto, (max-width: 558px) 100vw, 558px\" \/>\t\t\t\t\t<\/a>\n\t\t\n\t\t<div class=\"qodef-e-content\">\r\n\t<h6 class=\"qodef-e-title\">Intervenciones quir\u00fargicas<\/h6>\r\n\t<p class=\"qodef-e-subtitle\"><\/p>\r\n<\/div>\t<\/div>\n<\/div>\n<div class=\"qodef-e qodef-image-wrapper qodef-grid-item \">\n\t<div class=\"qodef-e-holder\">\n\t\t\n\t\t            <a itemprop=\"url\" href=\"https:\/\/huisartsjavea.com\/es\/servicios\/pruebas-ginecologicas\" target=\"_self\">\n        \t\t\t<img loading=\"lazy\" decoding=\"async\" width=\"558\" height=\"450\" src=\"https:\/\/huisartsjavea.com\/wp-content\/uploads\/2023\/02\/Gynaecologische-onderzoek-Huisarts-Javea.jpg\" class=\"attachment-full size-full\" alt=\"\" srcset=\"https:\/\/huisartsjavea.com\/wp-content\/uploads\/2023\/02\/Gynaecologische-onderzoek-Huisarts-Javea.jpg 558w, https:\/\/huisartsjavea.com\/wp-content\/uploads\/2023\/02\/Gynaecologische-onderzoek-Huisarts-Javea-300x242.jpg 300w\" sizes=\"auto, (max-width: 558px) 100vw, 558px\" \/>\t\t\t\t\t<\/a>\n\t\t\n\t\t<div class=\"qodef-e-content\">\r\n\t<h6 class=\"qodef-e-title\">Pruebas ginecol\u00f3gicas<\/h6>\r\n\t<p class=\"qodef-e-subtitle\"><\/p>\r\n<\/div>\t<\/div>\n<\/div>\n\t<\/div>\n<\/div>\t\t<\/div>\n\t\t\t\t<\/div>\n\t\t\t\t\t<\/div>\n\t\t<\/div>\n\t\t\t\t\t\t\t<\/div>\n\t\t<\/section>\n\t\t\t\t\t\t\t<\/div>\n\t\t","protected":false},"excerpt":{"rendered":"<p>Pruebas de Laboratorio En Cl\u00ednica la Lluca se hacen an\u00e1lisis de sangre y se pueden entregar muestras a analizar. Trabajamos con el laboratorio de la zona de J\u00e1vea. Tambi\u00e9n se hacen pruebas de orina y de heces. El m\u00e9dico comentar\u00e1 con usted qu\u00e9 pruebas ve necesario realizar y cu\u00e1ndo se las tiene que hacer, a [&hellip;]<\/p>\n","protected":false},"author":1,"featured_media":23600,"parent":24387,"menu_order":4,"comment_status":"closed","ping_status":"closed","template":"page-full-width.php","meta":{"footnotes":""},"class_list":["post-23887","page","type-page","status-publish","has-post-thumbnail","hentry"],"yoast_head":"<!-- This site is optimized with the Yoast SEO plugin v20.2 - https:\/\/yoast.com\/wordpress\/plugins\/seo\/ -->\n<title>Pruebas de Laboratorio M\u00e9dicos Javea - Clinica La Lluca<\/title>\n<meta name=\"description\" content=\"Trabajamos conjuntamente con el laboratorio de J\u00e1vea. Puede hacer que nos extraigan sangre y entregar materiales para la investigaci\u00f3n.\" \/>\n<meta name=\"robots\" content=\"index, follow, max-snippet:-1, max-image-preview:large, max-video-preview:-1\" \/>\n<link rel=\"canonical\" href=\"https:\/\/huisartsjavea.com\/es\/servicios\/pruebas-de-laboratorio-javea\/\" \/>\n<meta property=\"og:locale\" content=\"es_ES\" \/>\n<meta property=\"og:type\" content=\"article\" \/>\n<meta property=\"og:title\" content=\"Pruebas de Laboratorio M\u00e9dicos Javea - Clinica La Lluca\" \/>\n<meta property=\"og:description\" content=\"Trabajamos conjuntamente con el laboratorio de J\u00e1vea. Puede hacer que nos extraigan sangre y entregar materiales para la investigaci\u00f3n.\" \/>\n<meta property=\"og:url\" content=\"https:\/\/huisartsjavea.com\/es\/servicios\/pruebas-de-laboratorio-javea\/\" \/>\n<meta property=\"og:site_name\" content=\"Huisarts Javea\" \/>\n<meta property=\"article:modified_time\" content=\"2023-03-22T15:31:09+00:00\" \/>\n<meta property=\"og:image\" content=\"https:\/\/huisartsjavea.com\/wp-content\/uploads\/2023\/02\/Laboratorium-onderzoek-Huisarts-Javea-Costa-Blanca.jpg\" \/>\n\t<meta property=\"og:image:width\" content=\"1920\" \/>\n\t<meta property=\"og:image:height\" content=\"1279\" \/>\n\t<meta property=\"og:image:type\" content=\"image\/jpeg\" \/>\n<meta name=\"twitter:card\" content=\"summary_large_image\" \/>\n<meta name=\"twitter:label1\" content=\"Tiempo de lectura\" \/>\n\t<meta name=\"twitter:data1\" content=\"3 minutos\" \/>\n<script type=\"application\/ld+json\" class=\"yoast-schema-graph\">{\"@context\":\"https:\/\/schema.org\",\"@graph\":[{\"@type\":\"WebPage\",\"@id\":\"https:\/\/huisartsjavea.com\/es\/servicios\/pruebas-de-laboratorio-javea\/\",\"url\":\"https:\/\/huisartsjavea.com\/es\/servicios\/pruebas-de-laboratorio-javea\/\",\"name\":\"Pruebas de Laboratorio M\u00e9dicos Javea - Clinica La Lluca\",\"isPartOf\":{\"@id\":\"https:\/\/huisartsjavea.com\/#website\"},\"datePublished\":\"2023-02-14T10:23:48+00:00\",\"dateModified\":\"2023-03-22T15:31:09+00:00\",\"description\":\"Trabajamos conjuntamente con el laboratorio de J\u00e1vea. Puede hacer que nos extraigan sangre y entregar materiales para la investigaci\u00f3n.\",\"breadcrumb\":{\"@id\":\"https:\/\/huisartsjavea.com\/es\/servicios\/pruebas-de-laboratorio-javea\/#breadcrumb\"},\"inLanguage\":\"es\",\"potentialAction\":[{\"@type\":\"ReadAction\",\"target\":[\"https:\/\/huisartsjavea.com\/es\/servicios\/pruebas-de-laboratorio-javea\/\"]}]},{\"@type\":\"BreadcrumbList\",\"@id\":\"https:\/\/huisartsjavea.com\/es\/servicios\/pruebas-de-laboratorio-javea\/#breadcrumb\",\"itemListElement\":[{\"@type\":\"ListItem\",\"position\":1,\"name\":\"Home\",\"item\":\"https:\/\/huisartsjavea.com\/es\/\"},{\"@type\":\"ListItem\",\"position\":2,\"name\":\"Servicios\",\"item\":\"https:\/\/huisartsjavea.com\/es\/servicios\/\"},{\"@type\":\"ListItem\",\"position\":3,\"name\":\"Pruebas de Laboratorio\"}]},{\"@type\":\"WebSite\",\"@id\":\"https:\/\/huisartsjavea.com\/#website\",\"url\":\"https:\/\/huisartsjavea.com\/\",\"name\":\"Huisarts Javea\",\"description\":\"Clinic La Lluca\",\"potentialAction\":[{\"@type\":\"SearchAction\",\"target\":{\"@type\":\"EntryPoint\",\"urlTemplate\":\"https:\/\/huisartsjavea.com\/?s={search_term_string}\"},\"query-input\":\"required name=search_term_string\"}],\"inLanguage\":\"es\"}]}<\/script>\n<!-- \/ Yoast SEO plugin. -->","yoast_head_json":{"title":"Pruebas de Laboratorio M\u00e9dicos Javea - Clinica La Lluca","description":"Trabajamos conjuntamente con el laboratorio de J\u00e1vea. Puede hacer que nos extraigan sangre y entregar materiales para la investigaci\u00f3n.","robots":{"index":"index","follow":"follow","max-snippet":"max-snippet:-1","max-image-preview":"max-image-preview:large","max-video-preview":"max-video-preview:-1"},"canonical":"https:\/\/huisartsjavea.com\/es\/servicios\/pruebas-de-laboratorio-javea\/","og_locale":"es_ES","og_type":"article","og_title":"Pruebas de Laboratorio M\u00e9dicos Javea - Clinica La Lluca","og_description":"Trabajamos conjuntamente con el laboratorio de J\u00e1vea. Puede hacer que nos extraigan sangre y entregar materiales para la investigaci\u00f3n.","og_url":"https:\/\/huisartsjavea.com\/es\/servicios\/pruebas-de-laboratorio-javea\/","og_site_name":"Huisarts Javea","article_modified_time":"2023-03-22T15:31:09+00:00","og_image":[{"width":1920,"height":1279,"url":"https:\/\/huisartsjavea.com\/wp-content\/uploads\/2023\/02\/Laboratorium-onderzoek-Huisarts-Javea-Costa-Blanca.jpg","type":"image\/jpeg"}],"twitter_card":"summary_large_image","twitter_misc":{"Tiempo de lectura":"3 minutos"},"schema":{"@context":"https:\/\/schema.org","@graph":[{"@type":"WebPage","@id":"https:\/\/huisartsjavea.com\/es\/servicios\/pruebas-de-laboratorio-javea\/","url":"https:\/\/huisartsjavea.com\/es\/servicios\/pruebas-de-laboratorio-javea\/","name":"Pruebas de Laboratorio M\u00e9dicos Javea - Clinica La Lluca","isPartOf":{"@id":"https:\/\/huisartsjavea.com\/#website"},"datePublished":"2023-02-14T10:23:48+00:00","dateModified":"2023-03-22T15:31:09+00:00","description":"Trabajamos conjuntamente con el laboratorio de J\u00e1vea. Puede hacer que nos extraigan sangre y entregar materiales para la investigaci\u00f3n.","breadcrumb":{"@id":"https:\/\/huisartsjavea.com\/es\/servicios\/pruebas-de-laboratorio-javea\/#breadcrumb"},"inLanguage":"es","potentialAction":[{"@type":"ReadAction","target":["https:\/\/huisartsjavea.com\/es\/servicios\/pruebas-de-laboratorio-javea\/"]}]},{"@type":"BreadcrumbList","@id":"https:\/\/huisartsjavea.com\/es\/servicios\/pruebas-de-laboratorio-javea\/#breadcrumb","itemListElement":[{"@type":"ListItem","position":1,"name":"Home","item":"https:\/\/huisartsjavea.com\/es\/"},{"@type":"ListItem","position":2,"name":"Servicios","item":"https:\/\/huisartsjavea.com\/es\/servicios\/"},{"@type":"ListItem","position":3,"name":"Pruebas de Laboratorio"}]},{"@type":"WebSite","@id":"https:\/\/huisartsjavea.com\/#website","url":"https:\/\/huisartsjavea.com\/","name":"Huisarts Javea","description":"Clinic La Lluca","potentialAction":[{"@type":"SearchAction","target":{"@type":"EntryPoint","urlTemplate":"https:\/\/huisartsjavea.com\/?s={search_term_string}"},"query-input":"required name=search_term_string"}],"inLanguage":"es"}]}},"_links":{"self":[{"href":"https:\/\/huisartsjavea.com\/es\/wp-json\/wp\/v2\/pages\/23887","targetHints":{"allow":["GET"]}}],"collection":[{"href":"https:\/\/huisartsjavea.com\/es\/wp-json\/wp\/v2\/pages"}],"about":[{"href":"https:\/\/huisartsjavea.com\/es\/wp-json\/wp\/v2\/types\/page"}],"author":[{"embeddable":true,"href":"https:\/\/huisartsjavea.com\/es\/wp-json\/wp\/v2\/users\/1"}],"replies":[{"embeddable":true,"href":"https:\/\/huisartsjavea.com\/es\/wp-json\/wp\/v2\/comments?post=23887"}],"version-history":[{"count":14,"href":"https:\/\/huisartsjavea.com\/es\/wp-json\/wp\/v2\/pages\/23887\/revisions"}],"predecessor-version":[{"id":24735,"href":"https:\/\/huisartsjavea.com\/es\/wp-json\/wp\/v2\/pages\/23887\/revisions\/24735"}],"up":[{"embeddable":true,"href":"https:\/\/huisartsjavea.com\/es\/wp-json\/wp\/v2\/pages\/24387"}],"wp:featuredmedia":[{"embeddable":true,"href":"https:\/\/huisartsjavea.com\/es\/wp-json\/wp\/v2\/media\/23600"}],"wp:attachment":[{"href":"https:\/\/huisartsjavea.com\/es\/wp-json\/wp\/v2\/media?parent=23887"}],"curies":[{"name":"wp","href":"https:\/\/api.w.org\/{rel}","templated":true}]}}