{"id":23853,"date":"2023-02-14T11:10:21","date_gmt":"2023-02-14T10:10:21","guid":{"rendered":"https:\/\/huisartsjavea.com\/huisbezoeken\/"},"modified":"2023-10-30T15:11:24","modified_gmt":"2023-10-30T14:11:24","slug":"visitas-a-domicilio","status":"publish","type":"page","link":"https:\/\/huisartsjavea.com\/es\/servicios\/visitas-a-domicilio\/","title":{"rendered":"Visitas a domicilio"},"content":{"rendered":"\t\t<div data-elementor-type=\"wp-page\" data-elementor-id=\"23853\" class=\"elementor elementor-23853 elementor-21657\">\n\t\t\t\t\t\t\t\t\t<section class=\"elementor-section elementor-top-section elementor-element elementor-element-3c489ede elementor-section-stretched elementor-section-full_width qodef-elementor-content-grid elementor-section-height-default elementor-section-height-default\" data-id=\"3c489ede\" data-element_type=\"section\" data-settings=\"{&quot;stretch_section&quot;:&quot;section-stretched&quot;}\">\n\t\t\t\t\t\t<div class=\"elementor-container elementor-column-gap-default\">\n\t\t\t\t\t<div class=\"elementor-column elementor-col-100 elementor-top-column elementor-element elementor-element-456c39d0\" data-id=\"456c39d0\" data-element_type=\"column\">\n\t\t\t<div class=\"elementor-widget-wrap elementor-element-populated\">\n\t\t\t\t\t\t\t\t<div class=\"elementor-element elementor-element-786f805d elementor-widget elementor-widget-hibiscus_core_section_title\" data-id=\"786f805d\" data-element_type=\"widget\" data-widget_type=\"hibiscus_core_section_title.default\">\n\t\t\t\t<div class=\"elementor-widget-container\">\n\t\t\t<div class=\"qodef-shortcode qodef-m  qodef-section-title qodef-alignment--left   qodef--has-appear\">\n\t<div class=\"qodef-e-sunrays\" >\n\t\t<svg class=\"qodef-svg--sunrays\" xmlns=\"http:\/\/www.w3.org\/2000\/svg\" width=\"55\" height=\"30\" viewBox=\"0 0 55 30\"><g transform=\"translate(-1432 -588)\"><line x1=\"18\" transform=\"translate(1432 617.5)\" fill=\"none\" stroke=\"currentColor\" stroke-miterlimit=\"10\" stroke-width=\"1\"\/><line x1=\"16.628\" y1=\"6.889\" transform=\"translate(1433.458 607.414)\" fill=\"none\" stroke=\"currentColor\" stroke-miterlimit=\"10\" stroke-width=\"1\"\/><line x1=\"12.727\" y1=\"12.728\" transform=\"translate(1439.408 598.494)\" fill=\"none\" stroke=\"currentColor\" stroke-miterlimit=\"10\" stroke-width=\"1\"\/><line x1=\"6.888\" y1=\"16.629\" transform=\"translate(1448.056 591.685)\" fill=\"none\" stroke=\"currentColor\" stroke-miterlimit=\"10\" stroke-width=\"1\"\/><line y1=\"19\" transform=\"translate(1459.5 588)\" fill=\"none\" stroke=\"currentColor\" stroke-miterlimit=\"10\" stroke-width=\"1\"\/><line y1=\"16.631\" x2=\"6.888\" transform=\"translate(1464.056 591.685)\" fill=\"none\" stroke=\"currentColor\" stroke-miterlimit=\"10\" stroke-width=\"1\"\/><line x2=\"12.729\" y1=\"12.729\" y2=\"0\" transform=\"translate(1466.57 598.493)\" fill=\"none\" stroke=\"currentColor\" stroke-miterlimit=\"10\" stroke-width=\"1\"\/><line x2=\"16.631\" y1=\"6.889\" y2=\"0\" transform=\"translate(1468.619 607.414)\" fill=\"none\" stroke=\"currentColor\" stroke-miterlimit=\"10\" stroke-width=\"1\"\/><line x2=\"18\" transform=\"translate(1469 617.5)\" fill=\"none\" stroke=\"currentColor\" stroke-miterlimit=\"10\" stroke-width=\"1\"\/><\/g><\/svg>\t<\/div>\n\t\t<h2 class=\"qodef-m-title\" >\n\t\t\t\t\tVisitas a domicilio\t\t\t<\/h2>\n\t\t<\/div>\n\t\t<\/div>\n\t\t\t\t<\/div>\n\t\t\t\t<div class=\"elementor-element elementor-element-6c0f66bd elementor-widget elementor-widget-text-editor\" data-id=\"6c0f66bd\" data-element_type=\"widget\" data-widget_type=\"text-editor.default\">\n\t\t\t\t<div class=\"elementor-widget-container\">\n\t\t\t<style>\/*! elementor - v3.11.2 - 22-02-2023 *\/\n.elementor-widget-text-editor.elementor-drop-cap-view-stacked .elementor-drop-cap{background-color:#818a91;color:#fff}.elementor-widget-text-editor.elementor-drop-cap-view-framed .elementor-drop-cap{color:#818a91;border:3px solid;background-color:transparent}.elementor-widget-text-editor:not(.elementor-drop-cap-view-default) .elementor-drop-cap{margin-top:8px}.elementor-widget-text-editor:not(.elementor-drop-cap-view-default) .elementor-drop-cap-letter{width:1em;height:1em}.elementor-widget-text-editor .elementor-drop-cap{float:left;text-align:center;line-height:1;font-size:50px}.elementor-widget-text-editor .elementor-drop-cap-letter{display:inline-block}<\/style>\t\t\t\t<p>En caso de no poder acudir a la cl\u00ednica de forma presencial, pero necesita ver al m\u00e9dico, podemos hacerle una visita a domicilio, ya que estando enfermo se merece un buen cuidado en casa. Ofrecemos varios servicios como el tratamiento de problemas de salud agudos, la curaci\u00f3n de heridas, administrar medicaci\u00f3n, colocaci\u00f3n de un cat\u00e9ter y tiras de orina.<\/p>\t\t\t\t\t\t<\/div>\n\t\t\t\t<\/div>\n\t\t\t\t\t<\/div>\n\t\t<\/div>\n\t\t\t\t\t\t\t<\/div>\n\t\t<\/section>\n\t\t\t\t<section class=\"elementor-section elementor-top-section elementor-element elementor-element-734879a6 elementor-section-height-min-height elementor-section-full_width qodef-elementor-content-grid elementor-section-height-default elementor-section-items-middle\" data-id=\"734879a6\" data-element_type=\"section\" data-settings=\"{&quot;background_background&quot;:&quot;classic&quot;}\">\n\t\t\t\t\t\t\t<div class=\"elementor-background-overlay\"><\/div>\n\t\t\t\t\t\t\t<div class=\"elementor-container elementor-column-gap-default\">\n\t\t\t\t\t<div class=\"elementor-column elementor-col-100 elementor-top-column elementor-element elementor-element-6edc5fbd\" data-id=\"6edc5fbd\" data-element_type=\"column\">\n\t\t\t<div class=\"elementor-widget-wrap elementor-element-populated\">\n\t\t\t\t\t\t\t\t<div class=\"elementor-element elementor-element-4db9bb5 elementor-widget elementor-widget-hibiscus_core_call_to_action\" data-id=\"4db9bb5\" data-element_type=\"widget\" data-widget_type=\"hibiscus_core_call_to_action.default\">\n\t\t\t\t<div class=\"elementor-widget-container\">\n\t\t\t<div class=\"qodef-shortcode qodef-m  qodef-call-to-action qodef-layout--standard qodef-style--centered qodef-responsive-center--under-680\">\n\t<div class=\"qodef-m-inner\">\n\t\t\t<div class=\"qodef-m-content\"><h4>Solicitar cita previa<\/h4><p><span style=\"font-weight: 400;\">Pida cita a trav\u00e9s de nuestra web o por tel\u00e9fono. Nuestro horario de atenci\u00f3n telef\u00f3nica es de 9.00 a 14.00 en d\u00edas laborables. Por las tardes hacemos visitas a domicilio.<\/span><\/p><\/div>\n\t\t\t<div class=\"qodef-m-button\">\n\t\t<a class=\"qodef-shortcode qodef-m  qodef-button qodef-layout--outlined  qodef-html--link\" href=\"https:\/\/huisartsjavea.com\/es\/online-cita-previa\" target=\"_self\" data-hover-background-color=\"#B77255\" data-hover-border-color=\"#B77255\" >\t<span class=\"qodef-m-text\">Pedir Cita<\/span><\/a>\t<\/div>\n\t<\/div>\n<\/div>\n\t\t<\/div>\n\t\t\t\t<\/div>\n\t\t\t\t\t<\/div>\n\t\t<\/div>\n\t\t\t\t\t\t\t<\/div>\n\t\t<\/section>\n\t\t\t\t<section class=\"elementor-section elementor-top-section elementor-element elementor-element-dcac5a9 elementor-section-full_width elementor-section-height-default elementor-section-height-default qodef-elementor-content-no\" data-id=\"dcac5a9\" data-element_type=\"section\">\n\t\t\t\t\t\t<div class=\"elementor-container elementor-column-gap-default\">\n\t\t\t\t\t<div class=\"elementor-column elementor-col-100 elementor-top-column elementor-element elementor-element-6d4d900\" data-id=\"6d4d900\" data-element_type=\"column\">\n\t\t\t<div class=\"elementor-widget-wrap elementor-element-populated\">\n\t\t\t\t\t\t\t\t<div class=\"elementor-element elementor-element-01d3316 elementor-widget elementor-widget-hibiscus_core_section_title\" data-id=\"01d3316\" data-element_type=\"widget\" data-widget_type=\"hibiscus_core_section_title.default\">\n\t\t\t\t<div class=\"elementor-widget-container\">\n\t\t\t<div class=\"qodef-shortcode qodef-m  qodef-section-title qodef-alignment--center   qodef--has-appear\">\n\t<div class=\"qodef-e-sunrays\" >\n\t\t<svg class=\"qodef-svg--sunrays\" xmlns=\"http:\/\/www.w3.org\/2000\/svg\" width=\"55\" height=\"30\" viewBox=\"0 0 55 30\"><g transform=\"translate(-1432 -588)\"><line x1=\"18\" transform=\"translate(1432 617.5)\" fill=\"none\" stroke=\"currentColor\" stroke-miterlimit=\"10\" stroke-width=\"1\"\/><line x1=\"16.628\" y1=\"6.889\" transform=\"translate(1433.458 607.414)\" fill=\"none\" stroke=\"currentColor\" stroke-miterlimit=\"10\" stroke-width=\"1\"\/><line x1=\"12.727\" y1=\"12.728\" transform=\"translate(1439.408 598.494)\" fill=\"none\" stroke=\"currentColor\" stroke-miterlimit=\"10\" stroke-width=\"1\"\/><line x1=\"6.888\" y1=\"16.629\" transform=\"translate(1448.056 591.685)\" fill=\"none\" stroke=\"currentColor\" stroke-miterlimit=\"10\" stroke-width=\"1\"\/><line y1=\"19\" transform=\"translate(1459.5 588)\" fill=\"none\" stroke=\"currentColor\" stroke-miterlimit=\"10\" stroke-width=\"1\"\/><line y1=\"16.631\" x2=\"6.888\" transform=\"translate(1464.056 591.685)\" fill=\"none\" stroke=\"currentColor\" stroke-miterlimit=\"10\" stroke-width=\"1\"\/><line x2=\"12.729\" y1=\"12.729\" y2=\"0\" transform=\"translate(1466.57 598.493)\" fill=\"none\" stroke=\"currentColor\" stroke-miterlimit=\"10\" stroke-width=\"1\"\/><line x2=\"16.631\" y1=\"6.889\" y2=\"0\" transform=\"translate(1468.619 607.414)\" fill=\"none\" stroke=\"currentColor\" stroke-miterlimit=\"10\" stroke-width=\"1\"\/><line x2=\"18\" transform=\"translate(1469 617.5)\" fill=\"none\" stroke=\"currentColor\" stroke-miterlimit=\"10\" stroke-width=\"1\"\/><\/g><\/svg>\t<\/div>\n\t\t<h2 class=\"qodef-m-title\" >\n\t\t\t\t\tServicios\t\t\t<\/h2>\n\t\t<\/div>\n\t\t<\/div>\n\t\t\t\t<\/div>\n\t\t\t\t<section class=\"elementor-section elementor-inner-section elementor-element elementor-element-77d29a3 elementor-section-boxed elementor-section-height-default elementor-section-height-default qodef-elementor-content-no\" data-id=\"77d29a3\" data-element_type=\"section\">\n\t\t\t\t\t\t<div class=\"elementor-container elementor-column-gap-default\">\n\t\t\t\t\t<div class=\"elementor-column elementor-col-100 elementor-inner-column elementor-element elementor-element-89607ff\" data-id=\"89607ff\" data-element_type=\"column\">\n\t\t\t<div class=\"elementor-widget-wrap\">\n\t\t\t\t\t\t\t\t\t<\/div>\n\t\t<\/div>\n\t\t\t\t\t\t\t<\/div>\n\t\t<\/section>\n\t\t\t\t<div class=\"elementor-element elementor-element-66a85b3 elementor-widget elementor-widget-hibiscus_core_interactive_image_gallery\" data-id=\"66a85b3\" data-element_type=\"widget\" data-widget_type=\"hibiscus_core_interactive_image_gallery.default\">\n\t\t\t\t<div class=\"elementor-widget-container\">\n\t\t\t<div class=\"qodef-shortcode qodef-m  qodef-interactive-image-gallery  qodef-grid qodef-layout--columns  qodef-gutter--tiny qodef-col-num--5    qodef-responsive--custom qodef-col-num--1440--5 qodef-col-num--1366--5 qodef-col-num--1024--3 qodef-col-num--768--2 qodef-col-num--680--1 qodef-col-num--480--1\">\n\t<div class=\"qodef-grid-inner clear\">\n\t\t<div class=\"qodef-e qodef-image-wrapper qodef-grid-item \">\n\t<div class=\"qodef-e-holder\">\n\t\t\n\t\t            <a itemprop=\"url\" href=\"https:\/\/huisartsjavea.com\/es\/servicios\/consultas\/\" target=\"_self\">\n        \t\t\t<img loading=\"lazy\" decoding=\"async\" width=\"558\" height=\"450\" src=\"https:\/\/huisartsjavea.com\/wp-content\/uploads\/2023\/02\/Consultatie-Huisarts-Javea.jpg\" class=\"attachment-full size-full\" alt=\"\" srcset=\"https:\/\/huisartsjavea.com\/wp-content\/uploads\/2023\/02\/Consultatie-Huisarts-Javea.jpg 558w, https:\/\/huisartsjavea.com\/wp-content\/uploads\/2023\/02\/Consultatie-Huisarts-Javea-300x242.jpg 300w\" sizes=\"auto, (max-width: 558px) 100vw, 558px\" \/>\t\t\t\t\t<\/a>\n\t\t\n\t\t<div class=\"qodef-e-content\">\r\n\t<h6 class=\"qodef-e-title\">Consultas<\/h6>\r\n\t<p class=\"qodef-e-subtitle\"><\/p>\r\n<\/div>\t<\/div>\n<\/div>\n<div class=\"qodef-e qodef-image-wrapper qodef-grid-item \">\n\t<div class=\"qodef-e-holder\">\n\t\t\n\t\t            <a itemprop=\"url\" href=\"https:\/\/huisartsjavea.com\/es\/servicios\/recetas\" target=\"_self\">\n        \t\t\t<img loading=\"lazy\" decoding=\"async\" width=\"557\" height=\"449\" src=\"https:\/\/huisartsjavea.com\/wp-content\/uploads\/2023\/02\/Recepten-medicijnen-Huisarts-Javea.jpg\" class=\"attachment-full size-full\" alt=\"\" srcset=\"https:\/\/huisartsjavea.com\/wp-content\/uploads\/2023\/02\/Recepten-medicijnen-Huisarts-Javea.jpg 557w, https:\/\/huisartsjavea.com\/wp-content\/uploads\/2023\/02\/Recepten-medicijnen-Huisarts-Javea-300x242.jpg 300w\" sizes=\"auto, (max-width: 557px) 100vw, 557px\" \/>\t\t\t\t\t<\/a>\n\t\t\n\t\t<div class=\"qodef-e-content\">\r\n\t<h6 class=\"qodef-e-title\">Recetas<\/h6>\r\n\t<p class=\"qodef-e-subtitle\"><\/p>\r\n<\/div>\t<\/div>\n<\/div>\n<div class=\"qodef-e qodef-image-wrapper qodef-grid-item \">\n\t<div class=\"qodef-e-holder\">\n\t\t\n\t\t            <a itemprop=\"url\" href=\"https:\/\/huisartsjavea.com\/es\/servicios\/pruebas-de-laboratorio-javea\" target=\"_self\">\n        \t\t\t<img loading=\"lazy\" decoding=\"async\" width=\"557\" height=\"450\" src=\"https:\/\/huisartsjavea.com\/wp-content\/uploads\/2023\/02\/Laboratorium-onderzoek-Huisarts-Javea.jpg\" class=\"attachment-full size-full\" alt=\"\" srcset=\"https:\/\/huisartsjavea.com\/wp-content\/uploads\/2023\/02\/Laboratorium-onderzoek-Huisarts-Javea.jpg 557w, https:\/\/huisartsjavea.com\/wp-content\/uploads\/2023\/02\/Laboratorium-onderzoek-Huisarts-Javea-300x242.jpg 300w\" sizes=\"auto, (max-width: 557px) 100vw, 557px\" \/>\t\t\t\t\t<\/a>\n\t\t\n\t\t<div class=\"qodef-e-content\">\r\n\t<h6 class=\"qodef-e-title\">Pruebas de Laboratorio<\/h6>\r\n\t<p class=\"qodef-e-subtitle\"><\/p>\r\n<\/div>\t<\/div>\n<\/div>\n<div class=\"qodef-e qodef-image-wrapper qodef-grid-item \">\n\t<div class=\"qodef-e-holder\">\n\t\t\n\t\t            <a itemprop=\"url\" href=\"https:\/\/huisartsjavea.com\/es\/servicios\/intervenciones-quirurgicas\" target=\"_self\">\n        \t\t\t<img loading=\"lazy\" decoding=\"async\" width=\"558\" height=\"450\" src=\"https:\/\/huisartsjavea.com\/wp-content\/uploads\/2023\/02\/Chirurgische-ingrepen-Huisarts-Javea.jpg\" class=\"attachment-full size-full\" alt=\"\" srcset=\"https:\/\/huisartsjavea.com\/wp-content\/uploads\/2023\/02\/Chirurgische-ingrepen-Huisarts-Javea.jpg 558w, https:\/\/huisartsjavea.com\/wp-content\/uploads\/2023\/02\/Chirurgische-ingrepen-Huisarts-Javea-300x242.jpg 300w\" sizes=\"auto, (max-width: 558px) 100vw, 558px\" \/>\t\t\t\t\t<\/a>\n\t\t\n\t\t<div class=\"qodef-e-content\">\r\n\t<h6 class=\"qodef-e-title\">Intervenciones quir\u00fargicas<\/h6>\r\n\t<p class=\"qodef-e-subtitle\"><\/p>\r\n<\/div>\t<\/div>\n<\/div>\n<div class=\"qodef-e qodef-image-wrapper qodef-grid-item \">\n\t<div class=\"qodef-e-holder\">\n\t\t\n\t\t            <a itemprop=\"url\" href=\"https:\/\/huisartsjavea.com\/es\/servicios\/pruebas-ginecologicas\" target=\"_self\">\n        \t\t\t<img loading=\"lazy\" decoding=\"async\" width=\"558\" height=\"450\" src=\"https:\/\/huisartsjavea.com\/wp-content\/uploads\/2023\/02\/Gynaecologische-onderzoek-Huisarts-Javea.jpg\" class=\"attachment-full size-full\" alt=\"\" srcset=\"https:\/\/huisartsjavea.com\/wp-content\/uploads\/2023\/02\/Gynaecologische-onderzoek-Huisarts-Javea.jpg 558w, https:\/\/huisartsjavea.com\/wp-content\/uploads\/2023\/02\/Gynaecologische-onderzoek-Huisarts-Javea-300x242.jpg 300w\" sizes=\"auto, (max-width: 558px) 100vw, 558px\" \/>\t\t\t\t\t<\/a>\n\t\t\n\t\t<div class=\"qodef-e-content\">\r\n\t<h6 class=\"qodef-e-title\">Pruebas ginecol\u00f3gicas<\/h6>\r\n\t<p class=\"qodef-e-subtitle\"><\/p>\r\n<\/div>\t<\/div>\n<\/div>\n\t<\/div>\n<\/div>\t\t<\/div>\n\t\t\t\t<\/div>\n\t\t\t\t\t<\/div>\n\t\t<\/div>\n\t\t\t\t\t\t\t<\/div>\n\t\t<\/section>\n\t\t\t\t\t\t\t<\/div>\n\t\t","protected":false},"excerpt":{"rendered":"<p>Visitas a domicilio En caso de no poder acudir a la cl\u00ednica de forma presencial, pero necesita ver al m\u00e9dico, podemos hacerle una visita a domicilio, ya que estando enfermo se merece un buen cuidado en casa. Ofrecemos varios servicios como el tratamiento de problemas de salud agudos, la curaci\u00f3n de heridas, administrar medicaci\u00f3n, colocaci\u00f3n [&hellip;]<\/p>\n","protected":false},"author":1,"featured_media":23596,"parent":24387,"menu_order":2,"comment_status":"closed","ping_status":"closed","template":"page-full-width.php","meta":{"footnotes":""},"class_list":["post-23853","page","type-page","status-publish","has-post-thumbnail","hentry"],"yoast_head":"<!-- This site is optimized with the Yoast SEO plugin v20.2 - https:\/\/yoast.com\/wordpress\/plugins\/seo\/ -->\n<title>Visitas a domicilio M\u00e9dico de cabecera Javea - Clinica La Lluca<\/title>\n<meta name=\"description\" content=\"Para una buena atenci\u00f3n m\u00e9dica, M\u00e9dico de cabecera Javea realiza visitas a domicilio para cuando no puedas acudir a la cl\u00ednica.\" \/>\n<meta name=\"robots\" content=\"index, follow, max-snippet:-1, max-image-preview:large, max-video-preview:-1\" \/>\n<link rel=\"canonical\" href=\"https:\/\/huisartsjavea.com\/es\/servicios\/visitas-a-domicilio\/\" \/>\n<meta property=\"og:locale\" content=\"es_ES\" \/>\n<meta property=\"og:type\" content=\"article\" \/>\n<meta property=\"og:title\" content=\"Visitas a domicilio M\u00e9dico de cabecera Javea - Clinica La Lluca\" \/>\n<meta property=\"og:description\" content=\"Para una buena atenci\u00f3n m\u00e9dica, M\u00e9dico de cabecera Javea realiza visitas a domicilio para cuando no puedas acudir a la cl\u00ednica.\" \/>\n<meta property=\"og:url\" content=\"https:\/\/huisartsjavea.com\/es\/servicios\/visitas-a-domicilio\/\" \/>\n<meta property=\"og:site_name\" content=\"Huisarts Javea\" \/>\n<meta property=\"article:modified_time\" content=\"2023-10-30T14:11:24+00:00\" \/>\n<meta property=\"og:image\" content=\"https:\/\/huisartsjavea.com\/wp-content\/uploads\/2023\/02\/Huisbezoeken-Huisarts-Javea-Costa-Blanca.jpg\" \/>\n\t<meta property=\"og:image:width\" content=\"1920\" \/>\n\t<meta property=\"og:image:height\" content=\"420\" \/>\n\t<meta property=\"og:image:type\" content=\"image\/jpeg\" \/>\n<meta name=\"twitter:card\" content=\"summary_large_image\" \/>\n<meta name=\"twitter:label1\" content=\"Tiempo de lectura\" \/>\n\t<meta name=\"twitter:data1\" content=\"2 minutos\" \/>\n<script type=\"application\/ld+json\" class=\"yoast-schema-graph\">{\"@context\":\"https:\/\/schema.org\",\"@graph\":[{\"@type\":\"WebPage\",\"@id\":\"https:\/\/huisartsjavea.com\/es\/servicios\/visitas-a-domicilio\/\",\"url\":\"https:\/\/huisartsjavea.com\/es\/servicios\/visitas-a-domicilio\/\",\"name\":\"Visitas a domicilio M\u00e9dico de cabecera Javea - Clinica La Lluca\",\"isPartOf\":{\"@id\":\"https:\/\/huisartsjavea.com\/#website\"},\"datePublished\":\"2023-02-14T10:10:21+00:00\",\"dateModified\":\"2023-10-30T14:11:24+00:00\",\"description\":\"Para una buena atenci\u00f3n m\u00e9dica, M\u00e9dico de cabecera Javea realiza visitas a domicilio para cuando no puedas acudir a la cl\u00ednica.\",\"breadcrumb\":{\"@id\":\"https:\/\/huisartsjavea.com\/es\/servicios\/visitas-a-domicilio\/#breadcrumb\"},\"inLanguage\":\"es\",\"potentialAction\":[{\"@type\":\"ReadAction\",\"target\":[\"https:\/\/huisartsjavea.com\/es\/servicios\/visitas-a-domicilio\/\"]}]},{\"@type\":\"BreadcrumbList\",\"@id\":\"https:\/\/huisartsjavea.com\/es\/servicios\/visitas-a-domicilio\/#breadcrumb\",\"itemListElement\":[{\"@type\":\"ListItem\",\"position\":1,\"name\":\"Home\",\"item\":\"https:\/\/huisartsjavea.com\/es\/\"},{\"@type\":\"ListItem\",\"position\":2,\"name\":\"Servicios\",\"item\":\"https:\/\/huisartsjavea.com\/es\/servicios\/\"},{\"@type\":\"ListItem\",\"position\":3,\"name\":\"Visitas a domicilio\"}]},{\"@type\":\"WebSite\",\"@id\":\"https:\/\/huisartsjavea.com\/#website\",\"url\":\"https:\/\/huisartsjavea.com\/\",\"name\":\"Huisarts Javea\",\"description\":\"Clinic La Lluca\",\"potentialAction\":[{\"@type\":\"SearchAction\",\"target\":{\"@type\":\"EntryPoint\",\"urlTemplate\":\"https:\/\/huisartsjavea.com\/?s={search_term_string}\"},\"query-input\":\"required name=search_term_string\"}],\"inLanguage\":\"es\"}]}<\/script>\n<!-- \/ Yoast SEO plugin. -->","yoast_head_json":{"title":"Visitas a domicilio M\u00e9dico de cabecera Javea - Clinica La Lluca","description":"Para una buena atenci\u00f3n m\u00e9dica, M\u00e9dico de cabecera Javea realiza visitas a domicilio para cuando no puedas acudir a la cl\u00ednica.","robots":{"index":"index","follow":"follow","max-snippet":"max-snippet:-1","max-image-preview":"max-image-preview:large","max-video-preview":"max-video-preview:-1"},"canonical":"https:\/\/huisartsjavea.com\/es\/servicios\/visitas-a-domicilio\/","og_locale":"es_ES","og_type":"article","og_title":"Visitas a domicilio M\u00e9dico de cabecera Javea - Clinica La Lluca","og_description":"Para una buena atenci\u00f3n m\u00e9dica, M\u00e9dico de cabecera Javea realiza visitas a domicilio para cuando no puedas acudir a la cl\u00ednica.","og_url":"https:\/\/huisartsjavea.com\/es\/servicios\/visitas-a-domicilio\/","og_site_name":"Huisarts Javea","article_modified_time":"2023-10-30T14:11:24+00:00","og_image":[{"width":1920,"height":420,"url":"https:\/\/huisartsjavea.com\/wp-content\/uploads\/2023\/02\/Huisbezoeken-Huisarts-Javea-Costa-Blanca.jpg","type":"image\/jpeg"}],"twitter_card":"summary_large_image","twitter_misc":{"Tiempo de lectura":"2 minutos"},"schema":{"@context":"https:\/\/schema.org","@graph":[{"@type":"WebPage","@id":"https:\/\/huisartsjavea.com\/es\/servicios\/visitas-a-domicilio\/","url":"https:\/\/huisartsjavea.com\/es\/servicios\/visitas-a-domicilio\/","name":"Visitas a domicilio M\u00e9dico de cabecera Javea - Clinica La Lluca","isPartOf":{"@id":"https:\/\/huisartsjavea.com\/#website"},"datePublished":"2023-02-14T10:10:21+00:00","dateModified":"2023-10-30T14:11:24+00:00","description":"Para una buena atenci\u00f3n m\u00e9dica, M\u00e9dico de cabecera Javea realiza visitas a domicilio para cuando no puedas acudir a la cl\u00ednica.","breadcrumb":{"@id":"https:\/\/huisartsjavea.com\/es\/servicios\/visitas-a-domicilio\/#breadcrumb"},"inLanguage":"es","potentialAction":[{"@type":"ReadAction","target":["https:\/\/huisartsjavea.com\/es\/servicios\/visitas-a-domicilio\/"]}]},{"@type":"BreadcrumbList","@id":"https:\/\/huisartsjavea.com\/es\/servicios\/visitas-a-domicilio\/#breadcrumb","itemListElement":[{"@type":"ListItem","position":1,"name":"Home","item":"https:\/\/huisartsjavea.com\/es\/"},{"@type":"ListItem","position":2,"name":"Servicios","item":"https:\/\/huisartsjavea.com\/es\/servicios\/"},{"@type":"ListItem","position":3,"name":"Visitas a domicilio"}]},{"@type":"WebSite","@id":"https:\/\/huisartsjavea.com\/#website","url":"https:\/\/huisartsjavea.com\/","name":"Huisarts Javea","description":"Clinic La Lluca","potentialAction":[{"@type":"SearchAction","target":{"@type":"EntryPoint","urlTemplate":"https:\/\/huisartsjavea.com\/?s={search_term_string}"},"query-input":"required name=search_term_string"}],"inLanguage":"es"}]}},"_links":{"self":[{"href":"https:\/\/huisartsjavea.com\/es\/wp-json\/wp\/v2\/pages\/23853","targetHints":{"allow":["GET"]}}],"collection":[{"href":"https:\/\/huisartsjavea.com\/es\/wp-json\/wp\/v2\/pages"}],"about":[{"href":"https:\/\/huisartsjavea.com\/es\/wp-json\/wp\/v2\/types\/page"}],"author":[{"embeddable":true,"href":"https:\/\/huisartsjavea.com\/es\/wp-json\/wp\/v2\/users\/1"}],"replies":[{"embeddable":true,"href":"https:\/\/huisartsjavea.com\/es\/wp-json\/wp\/v2\/comments?post=23853"}],"version-history":[{"count":24,"href":"https:\/\/huisartsjavea.com\/es\/wp-json\/wp\/v2\/pages\/23853\/revisions"}],"predecessor-version":[{"id":25185,"href":"https:\/\/huisartsjavea.com\/es\/wp-json\/wp\/v2\/pages\/23853\/revisions\/25185"}],"up":[{"embeddable":true,"href":"https:\/\/huisartsjavea.com\/es\/wp-json\/wp\/v2\/pages\/24387"}],"wp:featuredmedia":[{"embeddable":true,"href":"https:\/\/huisartsjavea.com\/es\/wp-json\/wp\/v2\/media\/23596"}],"wp:attachment":[{"href":"https:\/\/huisartsjavea.com\/es\/wp-json\/wp\/v2\/media?parent=23853"}],"curies":[{"name":"wp","href":"https:\/\/api.w.org\/{rel}","templated":true}]}}